{"id":26,"date":"2023-06-27T18:59:55","date_gmt":"2023-06-27T21:59:55","guid":{"rendered":"https:\/\/acmempreendimentos.com\/?page_id=26"},"modified":"2024-07-15T00:16:35","modified_gmt":"2024-07-15T03:16:35","slug":"a-cidade","status":"publish","type":"page","link":"https:\/\/acmempreendimentos.com\/?page_id=26","title":{"rendered":"A cidade"},"content":{"rendered":"\t\t<div data-elementor-type=\"wp-page\" data-elementor-id=\"26\" class=\"elementor elementor-26\" data-elementor-post-type=\"page\">\n\t\t\t\t\t\t\t\t\t<section class=\"elementor-section elementor-top-section elementor-element elementor-element-5d79534 elementor-section-content-middle elementor-section-boxed elementor-section-height-default elementor-section-height-default\" data-id=\"5d79534\" data-element_type=\"section\">\n\t\t\t\t\t\t<div class=\"elementor-container elementor-column-gap-no\">\n\t\t\t\t\t<div class=\"elementor-column elementor-col-33 elementor-top-column elementor-element elementor-element-f871d74\" data-id=\"f871d74\" data-element_type=\"column\">\n\t\t\t<div class=\"elementor-widget-wrap elementor-element-populated\">\n\t\t\t\t\t\t\t\t<div class=\"elementor-element elementor-element-b3e47c2 elementor-widget elementor-widget-text-editor\" data-id=\"b3e47c2\" data-element_type=\"widget\" data-widget_type=\"text-editor.default\">\n\t\t\t\t<div class=\"elementor-widget-container\">\n\t\t\t<style>\/*! elementor - v3.15.0 - 02-08-2023 *\/\n.elementor-widget-text-editor.elementor-drop-cap-view-stacked .elementor-drop-cap{background-color:#69727d;color:#fff}.elementor-widget-text-editor.elementor-drop-cap-view-framed .elementor-drop-cap{color:#69727d;border:3px solid;background-color:transparent}.elementor-widget-text-editor:not(.elementor-drop-cap-view-default) .elementor-drop-cap{margin-top:8px}.elementor-widget-text-editor:not(.elementor-drop-cap-view-default) .elementor-drop-cap-letter{width:1em;height:1em}.elementor-widget-text-editor .elementor-drop-cap{float:left;text-align:center;line-height:1;font-size:50px}.elementor-widget-text-editor .elementor-drop-cap-letter{display:inline-block}<\/style>\t\t\t\t<p>Descubra e curta<\/p>\t\t\t\t\t\t<\/div>\n\t\t\t\t<\/div>\n\t\t\t\t<div class=\"elementor-element elementor-element-5484e83 elementor-widget elementor-widget-heading\" data-id=\"5484e83\" data-element_type=\"widget\" data-widget_type=\"heading.default\">\n\t\t\t\t<div class=\"elementor-widget-container\">\n\t\t\t<style>\/*! elementor - v3.15.0 - 02-08-2023 *\/\n.elementor-heading-title{padding:0;margin:0;line-height:1}.elementor-widget-heading .elementor-heading-title[class*=elementor-size-]>a{color:inherit;font-size:inherit;line-height:inherit}.elementor-widget-heading .elementor-heading-title.elementor-size-small{font-size:15px}.elementor-widget-heading .elementor-heading-title.elementor-size-medium{font-size:19px}.elementor-widget-heading .elementor-heading-title.elementor-size-large{font-size:29px}.elementor-widget-heading .elementor-heading-title.elementor-size-xl{font-size:39px}.elementor-widget-heading .elementor-heading-title.elementor-size-xxl{font-size:59px}<\/style><h1 class=\"elementor-heading-title elementor-size-default\">A cidade<\/h1>\t\t<\/div>\n\t\t\t\t<\/div>\n\t\t\t\t<div class=\"elementor-element elementor-element-7a60db3 elementor-widget-divider--view-line elementor-widget elementor-widget-divider\" data-id=\"7a60db3\" data-element_type=\"widget\" data-widget_type=\"divider.default\">\n\t\t\t\t<div class=\"elementor-widget-container\">\n\t\t\t<style>\/*! elementor - v3.15.0 - 02-08-2023 *\/\n.elementor-widget-divider{--divider-border-style:none;--divider-border-width:1px;--divider-color:#0c0d0e;--divider-icon-size:20px;--divider-element-spacing:10px;--divider-pattern-height:24px;--divider-pattern-size:20px;--divider-pattern-url:none;--divider-pattern-repeat:repeat-x}.elementor-widget-divider .elementor-divider{display:flex}.elementor-widget-divider .elementor-divider__text{font-size:15px;line-height:1;max-width:95%}.elementor-widget-divider .elementor-divider__element{margin:0 var(--divider-element-spacing);flex-shrink:0}.elementor-widget-divider .elementor-icon{font-size:var(--divider-icon-size)}.elementor-widget-divider .elementor-divider-separator{display:flex;margin:0;direction:ltr}.elementor-widget-divider--view-line_icon .elementor-divider-separator,.elementor-widget-divider--view-line_text .elementor-divider-separator{align-items:center}.elementor-widget-divider--view-line_icon .elementor-divider-separator:after,.elementor-widget-divider--view-line_icon .elementor-divider-separator:before,.elementor-widget-divider--view-line_text .elementor-divider-separator:after,.elementor-widget-divider--view-line_text .elementor-divider-separator:before{display:block;content:\"\";border-bottom:0;flex-grow:1;border-top:var(--divider-border-width) var(--divider-border-style) var(--divider-color)}.elementor-widget-divider--element-align-left .elementor-divider .elementor-divider-separator>.elementor-divider__svg:first-of-type{flex-grow:0;flex-shrink:100}.elementor-widget-divider--element-align-left .elementor-divider-separator:before{content:none}.elementor-widget-divider--element-align-left .elementor-divider__element{margin-left:0}.elementor-widget-divider--element-align-right .elementor-divider .elementor-divider-separator>.elementor-divider__svg:last-of-type{flex-grow:0;flex-shrink:100}.elementor-widget-divider--element-align-right .elementor-divider-separator:after{content:none}.elementor-widget-divider--element-align-right .elementor-divider__element{margin-right:0}.elementor-widget-divider:not(.elementor-widget-divider--view-line_text):not(.elementor-widget-divider--view-line_icon) .elementor-divider-separator{border-top:var(--divider-border-width) var(--divider-border-style) var(--divider-color)}.elementor-widget-divider--separator-type-pattern{--divider-border-style:none}.elementor-widget-divider--separator-type-pattern.elementor-widget-divider--view-line .elementor-divider-separator,.elementor-widget-divider--separator-type-pattern:not(.elementor-widget-divider--view-line) .elementor-divider-separator:after,.elementor-widget-divider--separator-type-pattern:not(.elementor-widget-divider--view-line) .elementor-divider-separator:before,.elementor-widget-divider--separator-type-pattern:not([class*=elementor-widget-divider--view]) .elementor-divider-separator{width:100%;min-height:var(--divider-pattern-height);-webkit-mask-size:var(--divider-pattern-size) 100%;mask-size:var(--divider-pattern-size) 100%;-webkit-mask-repeat:var(--divider-pattern-repeat);mask-repeat:var(--divider-pattern-repeat);background-color:var(--divider-color);-webkit-mask-image:var(--divider-pattern-url);mask-image:var(--divider-pattern-url)}.elementor-widget-divider--no-spacing{--divider-pattern-size:auto}.elementor-widget-divider--bg-round{--divider-pattern-repeat:round}.rtl .elementor-widget-divider .elementor-divider__text{direction:rtl}.e-con-inner>.elementor-widget-divider,.e-con>.elementor-widget-divider{width:var(--container-widget-width,100%);--flex-grow:var(--container-widget-flex-grow)}<\/style>\t\t<div class=\"elementor-divider\">\n\t\t\t<span class=\"elementor-divider-separator\">\n\t\t\t\t\t\t<\/span>\n\t\t<\/div>\n\t\t\t\t<\/div>\n\t\t\t\t<\/div>\n\t\t\t\t\t<\/div>\n\t\t<\/div>\n\t\t\t\t<div class=\"elementor-column elementor-col-33 elementor-top-column elementor-element elementor-element-f15becb\" data-id=\"f15becb\" data-element_type=\"column\">\n\t\t\t<div class=\"elementor-widget-wrap elementor-element-populated\">\n\t\t\t\t\t\t\t\t<div class=\"elementor-element elementor-element-7d44c51 elementor-widget elementor-widget-text-editor\" data-id=\"7d44c51\" data-element_type=\"widget\" data-widget_type=\"text-editor.default\">\n\t\t\t\t<div class=\"elementor-widget-container\">\n\t\t\t\t\t\t\t<p>A Pracinha de Boa Viagem \u00e9 um dos cart\u00f5es-postais da nossa capital e ponto obrigat\u00f3rio de vista dos turistas que chegam a Pernambuco<\/p>\t\t\t\t\t\t<\/div>\n\t\t\t\t<\/div>\n\t\t\t\t<div class=\"elementor-element elementor-element-fd54f0e elementor-widget elementor-widget-image\" data-id=\"fd54f0e\" data-element_type=\"widget\" data-widget_type=\"image.default\">\n\t\t\t\t<div class=\"elementor-widget-container\">\n\t\t\t<style>\/*! elementor - v3.15.0 - 02-08-2023 *\/\n.elementor-widget-image{text-align:center}.elementor-widget-image a{display:inline-block}.elementor-widget-image a img[src$=\".svg\"]{width:48px}.elementor-widget-image img{vertical-align:middle;display:inline-block}<\/style>\t\t\t\t\t\t\t\t\t\t\t\t<img loading=\"lazy\" decoding=\"async\" width=\"1100\" height=\"734\" src=\"https:\/\/acmempreendimentos.com\/wp-content\/uploads\/2024\/07\/pracinha-de-boa-viagem-guga-matos.jpg\" class=\"elementor-animation-grow attachment-full size-full wp-image-456\" alt=\"\" srcset=\"https:\/\/acmempreendimentos.com\/wp-content\/uploads\/2024\/07\/pracinha-de-boa-viagem-guga-matos.jpg 1100w, https:\/\/acmempreendimentos.com\/wp-content\/uploads\/2024\/07\/pracinha-de-boa-viagem-guga-matos-300x200.jpg 300w, https:\/\/acmempreendimentos.com\/wp-content\/uploads\/2024\/07\/pracinha-de-boa-viagem-guga-matos-1024x683.jpg 1024w, https:\/\/acmempreendimentos.com\/wp-content\/uploads\/2024\/07\/pracinha-de-boa-viagem-guga-matos-768x512.jpg 768w\" sizes=\"auto, (max-width: 1100px) 100vw, 1100px\" \/>\t\t\t\t\t\t\t\t\t\t\t\t\t\t\t<\/div>\n\t\t\t\t<\/div>\n\t\t\t\t\t<\/div>\n\t\t<\/div>\n\t\t\t\t<div class=\"elementor-column elementor-col-33 elementor-top-column elementor-element elementor-element-a4737f1\" data-id=\"a4737f1\" data-element_type=\"column\">\n\t\t\t<div class=\"elementor-widget-wrap elementor-element-populated\">\n\t\t\t\t\t\t\t\t<div class=\"elementor-element elementor-element-aacf80e elementor-widget elementor-widget-image\" data-id=\"aacf80e\" data-element_type=\"widget\" data-widget_type=\"image.default\">\n\t\t\t\t<div class=\"elementor-widget-container\">\n\t\t\t\t\t\t\t\t\t\t\t\t\t\t\t<img loading=\"lazy\" decoding=\"async\" width=\"1100\" height=\"618\" src=\"https:\/\/acmempreendimentos.com\/wp-content\/uploads\/2024\/07\/museu-do-recife-forte-das-cinco-pontas-foto-arthur-de-souza-31.jpg\" class=\"elementor-animation-grow attachment-full size-full wp-image-458\" alt=\"\" srcset=\"https:\/\/acmempreendimentos.com\/wp-content\/uploads\/2024\/07\/museu-do-recife-forte-das-cinco-pontas-foto-arthur-de-souza-31.jpg 1100w, https:\/\/acmempreendimentos.com\/wp-content\/uploads\/2024\/07\/museu-do-recife-forte-das-cinco-pontas-foto-arthur-de-souza-31-300x169.jpg 300w, https:\/\/acmempreendimentos.com\/wp-content\/uploads\/2024\/07\/museu-do-recife-forte-das-cinco-pontas-foto-arthur-de-souza-31-1024x575.jpg 1024w, https:\/\/acmempreendimentos.com\/wp-content\/uploads\/2024\/07\/museu-do-recife-forte-das-cinco-pontas-foto-arthur-de-souza-31-768x431.jpg 768w\" sizes=\"auto, (max-width: 1100px) 100vw, 1100px\" \/>\t\t\t\t\t\t\t\t\t\t\t\t\t\t\t<\/div>\n\t\t\t\t<\/div>\n\t\t\t\t<div class=\"elementor-element elementor-element-02cfba1 elementor-widget elementor-widget-text-editor\" data-id=\"02cfba1\" data-element_type=\"widget\" data-widget_type=\"text-editor.default\">\n\t\t\t\t<div class=\"elementor-widget-container\">\n\t\t\t\t\t\t\t<p>Museu da Cidade do Recife\u00a0\u00e9 uma op\u00e7\u00e3o ideal para quem deseja conhecer a\u00a0hist\u00f3ria recifense.<\/p>\t\t\t\t\t\t<\/div>\n\t\t\t\t<\/div>\n\t\t\t\t\t<\/div>\n\t\t<\/div>\n\t\t\t\t\t\t\t<\/div>\n\t\t<\/section>\n\t\t\t\t<section class=\"elementor-section elementor-top-section elementor-element elementor-element-40046da elementor-section-content-middle elementor-section-boxed elementor-section-height-default elementor-section-height-default\" data-id=\"40046da\" data-element_type=\"section\">\n\t\t\t\t\t\t<div class=\"elementor-container elementor-column-gap-no\">\n\t\t\t\t\t<div class=\"elementor-column elementor-col-33 elementor-top-column elementor-element elementor-element-12c9ba4\" data-id=\"12c9ba4\" data-element_type=\"column\">\n\t\t\t<div class=\"elementor-widget-wrap elementor-element-populated\">\n\t\t\t\t\t\t\t\t<div class=\"elementor-element elementor-element-9912539 elementor-widget elementor-widget-text-editor\" data-id=\"9912539\" data-element_type=\"widget\" data-widget_type=\"text-editor.default\">\n\t\t\t\t<div class=\"elementor-widget-container\">\n\t\t\t\t\t\t\t<p>O Museu de Arte Moderna Aloisio Magalh\u00e3es (Mamam) foi criado em 24 de julho de 1997, data na qual foi concedido o estatuto de Museu \u00e0 antiga Galeria Metropolitana de Arte Aloisio Magalh\u00e3es<\/p>\t\t\t\t\t\t<\/div>\n\t\t\t\t<\/div>\n\t\t\t\t<div class=\"elementor-element elementor-element-9d495a2 elementor-widget elementor-widget-image\" data-id=\"9d495a2\" data-element_type=\"widget\" data-widget_type=\"image.default\">\n\t\t\t\t<div class=\"elementor-widget-container\">\n\t\t\t\t\t\t\t\t\t\t\t\t\t\t\t<img loading=\"lazy\" decoding=\"async\" width=\"700\" height=\"468\" src=\"https:\/\/acmempreendimentos.com\/wp-content\/uploads\/2024\/07\/Museu-de-Arte-Moderna-Aloisio-Magalhaes.jpg\" class=\"elementor-animation-grow attachment-large size-large wp-image-459\" alt=\"\" srcset=\"https:\/\/acmempreendimentos.com\/wp-content\/uploads\/2024\/07\/Museu-de-Arte-Moderna-Aloisio-Magalhaes.jpg 700w, https:\/\/acmempreendimentos.com\/wp-content\/uploads\/2024\/07\/Museu-de-Arte-Moderna-Aloisio-Magalhaes-300x201.jpg 300w\" sizes=\"auto, (max-width: 700px) 100vw, 700px\" \/>\t\t\t\t\t\t\t\t\t\t\t\t\t\t\t<\/div>\n\t\t\t\t<\/div>\n\t\t\t\t\t<\/div>\n\t\t<\/div>\n\t\t\t\t<div class=\"elementor-column elementor-col-33 elementor-top-column elementor-element elementor-element-e27597c\" data-id=\"e27597c\" data-element_type=\"column\">\n\t\t\t<div class=\"elementor-widget-wrap elementor-element-populated\">\n\t\t\t\t\t\t\t\t<div class=\"elementor-element elementor-element-f250fb1 elementor-widget elementor-widget-image\" data-id=\"f250fb1\" data-element_type=\"widget\" data-widget_type=\"image.default\">\n\t\t\t\t<div class=\"elementor-widget-container\">\n\t\t\t\t\t\t\t\t\t\t\t\t\t\t\t<img loading=\"lazy\" decoding=\"async\" width=\"800\" height=\"533\" src=\"https:\/\/acmempreendimentos.com\/wp-content\/uploads\/2024\/07\/Museu-Castelo-Sao-Joao.jpg\" class=\"elementor-animation-grow attachment-large size-large wp-image-460\" alt=\"\" srcset=\"https:\/\/acmempreendimentos.com\/wp-content\/uploads\/2024\/07\/Museu-Castelo-Sao-Joao.jpg 1024w, https:\/\/acmempreendimentos.com\/wp-content\/uploads\/2024\/07\/Museu-Castelo-Sao-Joao-300x200.jpg 300w, https:\/\/acmempreendimentos.com\/wp-content\/uploads\/2024\/07\/Museu-Castelo-Sao-Joao-768x512.jpg 768w\" sizes=\"auto, (max-width: 800px) 100vw, 800px\" \/>\t\t\t\t\t\t\t\t\t\t\t\t\t\t\t<\/div>\n\t\t\t\t<\/div>\n\t\t\t\t<div class=\"elementor-element elementor-element-591e109 elementor-widget elementor-widget-text-editor\" data-id=\"591e109\" data-element_type=\"widget\" data-widget_type=\"text-editor.default\">\n\t\t\t\t<div class=\"elementor-widget-container\">\n\t\t\t\t\t\t\t<p>O Instituto Ricardo Brennand \u00e9 um espa\u00e7o cultural e museu com um interessante acervo art\u00edstico e hist\u00f3rico. Al\u00e9m disso o local \u00e9 cercado por uma preservada reserva de\u00a0<strong>Mata Atl\u00e2ntica<\/strong>.<\/p>\t\t\t\t\t\t<\/div>\n\t\t\t\t<\/div>\n\t\t\t\t\t<\/div>\n\t\t<\/div>\n\t\t\t\t<div class=\"elementor-column elementor-col-33 elementor-top-column elementor-element elementor-element-13b60f7\" data-id=\"13b60f7\" data-element_type=\"column\">\n\t\t\t<div class=\"elementor-widget-wrap elementor-element-populated\">\n\t\t\t\t\t\t\t\t<div class=\"elementor-element elementor-element-1bafd2a elementor-widget elementor-widget-text-editor\" data-id=\"1bafd2a\" data-element_type=\"widget\" data-widget_type=\"text-editor.default\">\n\t\t\t\t<div class=\"elementor-widget-container\">\n\t\t\t\t\t\t\t<p>\u00c9 aqui onde tudo come\u00e7a. A Pra\u00e7a Bar\u00e3o do Rio Branco, mais conhecida como\u00a0Pra\u00e7a do Marco Zero, simboliza o in\u00edcio de\u00a0todos os caminhos de Pernambuco. Ao centro est\u00e1 a Rosa dos Ventos, assinada por C\u00edcero Dias, um dos nomes mais importantes do Modernismo.<\/p>\t\t\t\t\t\t<\/div>\n\t\t\t\t<\/div>\n\t\t\t\t<div class=\"elementor-element elementor-element-5d6f4ca elementor-widget elementor-widget-image\" data-id=\"5d6f4ca\" data-element_type=\"widget\" data-widget_type=\"image.default\">\n\t\t\t\t<div class=\"elementor-widget-container\">\n\t\t\t\t\t\t\t\t\t\t\t\t\t\t\t<img loading=\"lazy\" decoding=\"async\" width=\"509\" height=\"339\" src=\"https:\/\/acmempreendimentos.com\/wp-content\/uploads\/2024\/07\/Marco-Zero.jpeg\" class=\"elementor-animation-grow attachment-full size-full wp-image-461\" alt=\"\" srcset=\"https:\/\/acmempreendimentos.com\/wp-content\/uploads\/2024\/07\/Marco-Zero.jpeg 509w, https:\/\/acmempreendimentos.com\/wp-content\/uploads\/2024\/07\/Marco-Zero-300x200.jpeg 300w\" sizes=\"auto, (max-width: 509px) 100vw, 509px\" \/>\t\t\t\t\t\t\t\t\t\t\t\t\t\t\t<\/div>\n\t\t\t\t<\/div>\n\t\t\t\t\t<\/div>\n\t\t<\/div>\n\t\t\t\t\t\t\t<\/div>\n\t\t<\/section>\n\t\t\t\t\t\t\t<\/div>\n\t\t","protected":false},"excerpt":{"rendered":"<p>Descubra e curta A Pracinha de Boa Viagem \u00e9 um dos cart\u00f5es-postais da nossa capital e ponto obrigat\u00f3rio de vista dos turistas que chegam a Pernambuco Museu da Cidade do Recife\u00a0\u00e9 uma op\u00e7\u00e3o ideal para quem deseja conhecer a\u00a0hist\u00f3ria recifense. O Museu de Arte Moderna Aloisio Magalh\u00e3es (Mamam) foi criado em 24 de julho de [&hellip;]<\/p>\n","protected":false},"author":2,"featured_media":0,"parent":0,"menu_order":0,"comment_status":"closed","ping_status":"closed","template":"elementor_header_footer","meta":{"footnotes":""},"class_list":["post-26","page","type-page","status-publish","hentry"],"acf":[],"yoast_head":"<!-- This site is optimized with the Yoast SEO plugin v21.5 - https:\/\/yoast.com\/wordpress\/plugins\/seo\/ -->\n<title>A cidade - Costa Mar Recife by ACM<\/title>\n<meta name=\"robots\" content=\"noindex, follow, max-snippet:-1, max-image-preview:large, max-video-preview:-1\" \/>\n<meta property=\"og:locale\" content=\"pt_BR\" \/>\n<meta property=\"og:type\" content=\"article\" \/>\n<meta property=\"og:title\" content=\"A cidade - Costa Mar Recife by ACM\" \/>\n<meta property=\"og:description\" content=\"Descubra e curta A Pracinha de Boa Viagem \u00e9 um dos cart\u00f5es-postais da nossa capital e ponto obrigat\u00f3rio de vista dos turistas que chegam a Pernambuco Museu da Cidade do Recife\u00a0\u00e9 uma op\u00e7\u00e3o ideal para quem deseja conhecer a\u00a0hist\u00f3ria recifense. O Museu de Arte Moderna Aloisio Magalh\u00e3es (Mamam) foi criado em 24 de julho de [&hellip;]\" \/>\n<meta property=\"og:url\" content=\"https:\/\/acmempreendimentos.com\/?page_id=26\" \/>\n<meta property=\"og:site_name\" content=\"Costa Mar Recife by ACM\" \/>\n<meta property=\"article:modified_time\" content=\"2024-07-15T03:16:35+00:00\" \/>\n<meta property=\"og:image\" content=\"http:\/\/acmempreendimentos.com\/wp-content\/uploads\/2024\/07\/pracinha-de-boa-viagem-guga-matos.jpg\" \/>\n<meta name=\"twitter:card\" content=\"summary_large_image\" \/>\n<meta name=\"twitter:label1\" content=\"Est. tempo de leitura\" \/>\n\t<meta name=\"twitter:data1\" content=\"2 minutos\" \/>\n<script type=\"application\/ld+json\" class=\"yoast-schema-graph\">{\"@context\":\"https:\/\/schema.org\",\"@graph\":[{\"@type\":\"WebPage\",\"@id\":\"https:\/\/acmempreendimentos.com\/?page_id=26\",\"url\":\"https:\/\/acmempreendimentos.com\/?page_id=26\",\"name\":\"A cidade - Costa Mar Recife by ACM\",\"isPartOf\":{\"@id\":\"https:\/\/acmempreendimentos.com\/#website\"},\"datePublished\":\"2023-06-27T21:59:55+00:00\",\"dateModified\":\"2024-07-15T03:16:35+00:00\",\"breadcrumb\":{\"@id\":\"https:\/\/acmempreendimentos.com\/?page_id=26#breadcrumb\"},\"inLanguage\":\"pt-BR\",\"potentialAction\":[{\"@type\":\"ReadAction\",\"target\":[\"https:\/\/acmempreendimentos.com\/?page_id=26\"]}]},{\"@type\":\"BreadcrumbList\",\"@id\":\"https:\/\/acmempreendimentos.com\/?page_id=26#breadcrumb\",\"itemListElement\":[{\"@type\":\"ListItem\",\"position\":1,\"name\":\"In\u00edcio\",\"item\":\"https:\/\/acmempreendimentos.com\/\"},{\"@type\":\"ListItem\",\"position\":2,\"name\":\"A cidade\"}]},{\"@type\":\"WebSite\",\"@id\":\"https:\/\/acmempreendimentos.com\/#website\",\"url\":\"https:\/\/acmempreendimentos.com\/\",\"name\":\"Costa Mar Recife by ACM\",\"description\":\"localizado p\u00e9 na areia na Praia de Piedade.\",\"publisher\":{\"@id\":\"https:\/\/acmempreendimentos.com\/#organization\"},\"potentialAction\":[{\"@type\":\"SearchAction\",\"target\":{\"@type\":\"EntryPoint\",\"urlTemplate\":\"https:\/\/acmempreendimentos.com\/?s={search_term_string}\"},\"query-input\":\"required name=search_term_string\"}],\"inLanguage\":\"pt-BR\"},{\"@type\":\"Organization\",\"@id\":\"https:\/\/acmempreendimentos.com\/#organization\",\"name\":\"Costa Mar Recife by ACM\",\"url\":\"https:\/\/acmempreendimentos.com\/\",\"logo\":{\"@type\":\"ImageObject\",\"inLanguage\":\"pt-BR\",\"@id\":\"https:\/\/acmempreendimentos.com\/#\/schema\/logo\/image\/\",\"url\":\"https:\/\/acmempreendimentos.com\/wp-content\/uploads\/2023\/06\/logo-2.jpg\",\"contentUrl\":\"https:\/\/acmempreendimentos.com\/wp-content\/uploads\/2023\/06\/logo-2.jpg\",\"width\":310,\"height\":310,\"caption\":\"Costa Mar Recife by ACM\"},\"image\":{\"@id\":\"https:\/\/acmempreendimentos.com\/#\/schema\/logo\/image\/\"}}]}<\/script>\n<!-- \/ Yoast SEO plugin. -->","yoast_head_json":{"title":"A cidade - Costa Mar Recife by ACM","robots":{"index":"noindex","follow":"follow","max-snippet":"max-snippet:-1","max-image-preview":"max-image-preview:large","max-video-preview":"max-video-preview:-1"},"og_locale":"pt_BR","og_type":"article","og_title":"A cidade - Costa Mar Recife by ACM","og_description":"Descubra e curta A Pracinha de Boa Viagem \u00e9 um dos cart\u00f5es-postais da nossa capital e ponto obrigat\u00f3rio de vista dos turistas que chegam a Pernambuco Museu da Cidade do Recife\u00a0\u00e9 uma op\u00e7\u00e3o ideal para quem deseja conhecer a\u00a0hist\u00f3ria recifense. O Museu de Arte Moderna Aloisio Magalh\u00e3es (Mamam) foi criado em 24 de julho de [&hellip;]","og_url":"https:\/\/acmempreendimentos.com\/?page_id=26","og_site_name":"Costa Mar Recife by ACM","article_modified_time":"2024-07-15T03:16:35+00:00","og_image":[{"url":"http:\/\/acmempreendimentos.com\/wp-content\/uploads\/2024\/07\/pracinha-de-boa-viagem-guga-matos.jpg"}],"twitter_card":"summary_large_image","twitter_misc":{"Est. tempo de leitura":"2 minutos"},"schema":{"@context":"https:\/\/schema.org","@graph":[{"@type":"WebPage","@id":"https:\/\/acmempreendimentos.com\/?page_id=26","url":"https:\/\/acmempreendimentos.com\/?page_id=26","name":"A cidade - Costa Mar Recife by ACM","isPartOf":{"@id":"https:\/\/acmempreendimentos.com\/#website"},"datePublished":"2023-06-27T21:59:55+00:00","dateModified":"2024-07-15T03:16:35+00:00","breadcrumb":{"@id":"https:\/\/acmempreendimentos.com\/?page_id=26#breadcrumb"},"inLanguage":"pt-BR","potentialAction":[{"@type":"ReadAction","target":["https:\/\/acmempreendimentos.com\/?page_id=26"]}]},{"@type":"BreadcrumbList","@id":"https:\/\/acmempreendimentos.com\/?page_id=26#breadcrumb","itemListElement":[{"@type":"ListItem","position":1,"name":"In\u00edcio","item":"https:\/\/acmempreendimentos.com\/"},{"@type":"ListItem","position":2,"name":"A cidade"}]},{"@type":"WebSite","@id":"https:\/\/acmempreendimentos.com\/#website","url":"https:\/\/acmempreendimentos.com\/","name":"Costa Mar Recife by ACM","description":"localizado p\u00e9 na areia na Praia de Piedade.","publisher":{"@id":"https:\/\/acmempreendimentos.com\/#organization"},"potentialAction":[{"@type":"SearchAction","target":{"@type":"EntryPoint","urlTemplate":"https:\/\/acmempreendimentos.com\/?s={search_term_string}"},"query-input":"required name=search_term_string"}],"inLanguage":"pt-BR"},{"@type":"Organization","@id":"https:\/\/acmempreendimentos.com\/#organization","name":"Costa Mar Recife by ACM","url":"https:\/\/acmempreendimentos.com\/","logo":{"@type":"ImageObject","inLanguage":"pt-BR","@id":"https:\/\/acmempreendimentos.com\/#\/schema\/logo\/image\/","url":"https:\/\/acmempreendimentos.com\/wp-content\/uploads\/2023\/06\/logo-2.jpg","contentUrl":"https:\/\/acmempreendimentos.com\/wp-content\/uploads\/2023\/06\/logo-2.jpg","width":310,"height":310,"caption":"Costa Mar Recife by ACM"},"image":{"@id":"https:\/\/acmempreendimentos.com\/#\/schema\/logo\/image\/"}}]}},"_links":{"self":[{"href":"https:\/\/acmempreendimentos.com\/index.php?rest_route=\/wp\/v2\/pages\/26","targetHints":{"allow":["GET"]}}],"collection":[{"href":"https:\/\/acmempreendimentos.com\/index.php?rest_route=\/wp\/v2\/pages"}],"about":[{"href":"https:\/\/acmempreendimentos.com\/index.php?rest_route=\/wp\/v2\/types\/page"}],"author":[{"embeddable":true,"href":"https:\/\/acmempreendimentos.com\/index.php?rest_route=\/wp\/v2\/users\/2"}],"replies":[{"embeddable":true,"href":"https:\/\/acmempreendimentos.com\/index.php?rest_route=%2Fwp%2Fv2%2Fcomments&post=26"}],"version-history":[{"count":3,"href":"https:\/\/acmempreendimentos.com\/index.php?rest_route=\/wp\/v2\/pages\/26\/revisions"}],"predecessor-version":[{"id":464,"href":"https:\/\/acmempreendimentos.com\/index.php?rest_route=\/wp\/v2\/pages\/26\/revisions\/464"}],"wp:attachment":[{"href":"https:\/\/acmempreendimentos.com\/index.php?rest_route=%2Fwp%2Fv2%2Fmedia&parent=26"}],"curies":[{"name":"wp","href":"https:\/\/api.w.org\/{rel}","templated":true}]}}